{"id":8289,"date":"2026-04-17T18:09:52","date_gmt":"2026-04-17T18:09:52","guid":{"rendered":"https:\/\/wheelsnkicks.com\/sl\/?post_type=product&#038;p=8289"},"modified":"2026-04-17T18:13:24","modified_gmt":"2026-04-17T18:13:24","slug":"moski-klasicni-cevlji","status":"publish","type":"product","link":"https:\/\/wheelsnkicks.com\/sl\/product\/moski-klasicni-cevlji\/","title":{"rendered":"Mo\u0161ki Klasi\u010dni \u010cevlji"},"content":{"rendered":"","protected":false},"excerpt":{"rendered":"","protected":false},"featured_media":8319,"comment_status":"closed","ping_status":"closed","template":"","meta":[],"product_brand":[],"product_cat":[282],"product_tag":[],"class_list":{"0":"post-8289","1":"product","2":"type-product","3":"status-publish","4":"has-post-thumbnail","6":"product_cat-moske-rolke","8":"first","9":"instock","10":"sale","11":"taxable","12":"shipping-taxable","13":"purchasable","14":"product-type-variable"},"_links":{"self":[{"href":"https:\/\/wheelsnkicks.com\/sl\/wp-json\/wp\/v2\/product\/8289","targetHints":{"allow":["GET"]}}],"collection":[{"href":"https:\/\/wheelsnkicks.com\/sl\/wp-json\/wp\/v2\/product"}],"about":[{"href":"https:\/\/wheelsnkicks.com\/sl\/wp-json\/wp\/v2\/types\/product"}],"replies":[{"embeddable":true,"href":"https:\/\/wheelsnkicks.com\/sl\/wp-json\/wp\/v2\/comments?post=8289"}],"wp:featuredmedia":[{"embeddable":true,"href":"https:\/\/wheelsnkicks.com\/sl\/wp-json\/wp\/v2\/media\/8319"}],"wp:attachment":[{"href":"https:\/\/wheelsnkicks.com\/sl\/wp-json\/wp\/v2\/media?parent=8289"}],"wp:term":[{"taxonomy":"product_brand","embeddable":true,"href":"https:\/\/wheelsnkicks.com\/sl\/wp-json\/wp\/v2\/product_brand?post=8289"},{"taxonomy":"product_cat","embeddable":true,"href":"https:\/\/wheelsnkicks.com\/sl\/wp-json\/wp\/v2\/product_cat?post=8289"},{"taxonomy":"product_tag","embeddable":true,"href":"https:\/\/wheelsnkicks.com\/sl\/wp-json\/wp\/v2\/product_tag?post=8289"}],"curies":[{"name":"wp","href":"https:\/\/api.w.org\/{rel}","templated":true}]}}