{"id":8283,"date":"2026-04-17T18:16:05","date_gmt":"2026-04-17T18:16:05","guid":{"rendered":"https:\/\/wheelsnkicks.com\/sk\/?post_type=product&#038;p=8283"},"modified":"2026-04-17T18:20:11","modified_gmt":"2026-04-17T18:20:11","slug":"damske-astro-led-topanky-do-kancelarie-9-0","status":"publish","type":"product","link":"https:\/\/wheelsnkicks.com\/sk\/product\/damske-astro-led-topanky-do-kancelarie-9-0\/","title":{"rendered":"D\u00e1mske Astro LED Top\u00e1nky do Kancel\u00e1rie &#8211; 9.0"},"content":{"rendered":"","protected":false},"excerpt":{"rendered":"","protected":false},"featured_media":8313,"comment_status":"closed","ping_status":"closed","template":"","meta":[],"product_brand":[],"product_cat":[281],"product_tag":[],"class_list":{"0":"post-8283","1":"product","2":"type-product","3":"status-publish","4":"has-post-thumbnail","6":"product_cat-damske-kolieskove-topanky","8":"first","9":"instock","10":"taxable","11":"shipping-taxable","12":"purchasable","13":"product-type-variable"},"_links":{"self":[{"href":"https:\/\/wheelsnkicks.com\/sk\/wp-json\/wp\/v2\/product\/8283","targetHints":{"allow":["GET"]}}],"collection":[{"href":"https:\/\/wheelsnkicks.com\/sk\/wp-json\/wp\/v2\/product"}],"about":[{"href":"https:\/\/wheelsnkicks.com\/sk\/wp-json\/wp\/v2\/types\/product"}],"replies":[{"embeddable":true,"href":"https:\/\/wheelsnkicks.com\/sk\/wp-json\/wp\/v2\/comments?post=8283"}],"wp:featuredmedia":[{"embeddable":true,"href":"https:\/\/wheelsnkicks.com\/sk\/wp-json\/wp\/v2\/media\/8313"}],"wp:attachment":[{"href":"https:\/\/wheelsnkicks.com\/sk\/wp-json\/wp\/v2\/media?parent=8283"}],"wp:term":[{"taxonomy":"product_brand","embeddable":true,"href":"https:\/\/wheelsnkicks.com\/sk\/wp-json\/wp\/v2\/product_brand?post=8283"},{"taxonomy":"product_cat","embeddable":true,"href":"https:\/\/wheelsnkicks.com\/sk\/wp-json\/wp\/v2\/product_cat?post=8283"},{"taxonomy":"product_tag","embeddable":true,"href":"https:\/\/wheelsnkicks.com\/sk\/wp-json\/wp\/v2\/product_tag?post=8283"}],"curies":[{"name":"wp","href":"https:\/\/api.w.org\/{rel}","templated":true}]}}