{"id":8282,"date":"2026-04-17T18:16:04","date_gmt":"2026-04-17T18:16:04","guid":{"rendered":"https:\/\/wheelsnkicks.com\/sk\/?post_type=product&#038;p=8282"},"modified":"2026-04-17T18:20:10","modified_gmt":"2026-04-17T18:20:10","slug":"damske-starlite-led-perfektne-topanky-do-kancelarie","status":"publish","type":"product","link":"https:\/\/wheelsnkicks.com\/sk\/product\/damske-starlite-led-perfektne-topanky-do-kancelarie\/","title":{"rendered":"D\u00e1mske Starlite LED &#8211; Perfektn\u00e9 Top\u00e1nky do Kancel\u00e1rie"},"content":{"rendered":"","protected":false},"excerpt":{"rendered":"","protected":false},"featured_media":8312,"comment_status":"closed","ping_status":"closed","template":"","meta":[],"product_brand":[],"product_cat":[281],"product_tag":[],"class_list":{"0":"post-8282","1":"product","2":"type-product","3":"status-publish","4":"has-post-thumbnail","6":"product_cat-damske-kolieskove-topanky","8":"first","9":"instock","10":"sale","11":"taxable","12":"shipping-taxable","13":"purchasable","14":"product-type-variable"},"_links":{"self":[{"href":"https:\/\/wheelsnkicks.com\/sk\/wp-json\/wp\/v2\/product\/8282","targetHints":{"allow":["GET"]}}],"collection":[{"href":"https:\/\/wheelsnkicks.com\/sk\/wp-json\/wp\/v2\/product"}],"about":[{"href":"https:\/\/wheelsnkicks.com\/sk\/wp-json\/wp\/v2\/types\/product"}],"replies":[{"embeddable":true,"href":"https:\/\/wheelsnkicks.com\/sk\/wp-json\/wp\/v2\/comments?post=8282"}],"wp:featuredmedia":[{"embeddable":true,"href":"https:\/\/wheelsnkicks.com\/sk\/wp-json\/wp\/v2\/media\/8312"}],"wp:attachment":[{"href":"https:\/\/wheelsnkicks.com\/sk\/wp-json\/wp\/v2\/media?parent=8282"}],"wp:term":[{"taxonomy":"product_brand","embeddable":true,"href":"https:\/\/wheelsnkicks.com\/sk\/wp-json\/wp\/v2\/product_brand?post=8282"},{"taxonomy":"product_cat","embeddable":true,"href":"https:\/\/wheelsnkicks.com\/sk\/wp-json\/wp\/v2\/product_cat?post=8282"},{"taxonomy":"product_tag","embeddable":true,"href":"https:\/\/wheelsnkicks.com\/sk\/wp-json\/wp\/v2\/product_tag?post=8282"}],"curies":[{"name":"wp","href":"https:\/\/api.w.org\/{rel}","templated":true}]}}